{"id":476,"date":"2018-03-05T17:45:35","date_gmt":"2018-03-05T22:45:35","guid":{"rendered":"http:\/\/gpsmedici.ca\/accueil\/"},"modified":"2025-02-07T09:56:03","modified_gmt":"2025-02-07T14:56:03","slug":"home-2-2","status":"publish","type":"page","link":"https:\/\/gpsmedici.ca\/en\/","title":{"rendered":"Home"},"content":{"rendered":"<div class=\"wpb-content-wrapper\"><p>[vc_section el_id=&#8221;accueil-entete&#8221;][vc_row full_width=&#8221;stretch_row&#8221; css=&#8221;.vc_custom_1521470654131{background-color: #112b37 !important;}&#8221; el_class=&#8221;bg-gradient-custom accueilType&#8221;][vc_column offset=&#8221;vc_col-lg-6&#8243;][vc_column_text]<\/p>\n<h1><span class=\"h1-small\">Transparency. Accountability. Personalized approach.<\/span> Your private manager.<\/h1>\n<p>[\/vc_column_text][\/vc_column][vc_column offset=&#8221;vc_col-lg-6&#8243;][vc_column_text css=&#8221;&#8221;]<\/p>\n<ul class=\"list-bullet-line list-bullet-single-line list-bullet-secondary\">\n<li>$1M invested with Medici in 2009 is now worth $11.5M.<\/li>\n<li>We\u2019ve earned the trust of over 1000 families and organizations.<\/li>\n<li>No hidden fees. No expensive middlemen.<\/li>\n<\/ul>\n<p>[\/vc_column_text][\/vc_column][\/vc_row][vc_row full_width=&#8221;stretch_row_content_no_spaces&#8221; el_class=&#8221;row-img-mobile&#8221;][vc_column offset=&#8221;vc_hidden-lg&#8221;][vc_single_image image=&#8221;908&#8243; img_size=&#8221;full&#8221; alignment=&#8221;center&#8221; el_class=&#8221;big-img-entete-mobile&#8221;][\/vc_column][\/vc_row][vc_row][vc_column offset=&#8221;vc_col-lg-6&#8243;][vc_column_text el_class=&#8221;entete-p&#8221;]Medici helps you increase your net worth by investing in profitable companies that benefit from sustained competitive advantages. Our portfolio managers own the same investments as our clients. Our easily accessible team members work together to help you reach your financial goals.<\/p>\n<p><a class=\"btn btn-primary\" href=\"https:\/\/gpsmedici.ca\/en\/investir-medici\/\">Discover how your can invest with us.<\/a>[\/vc_column_text][\/vc_column][vc_column offset=&#8221;vc_col-lg-offset-0 vc_col-lg-6 vc_hidden-md vc_hidden-sm vc_hidden-xs&#8221; el_class=&#8221;big-img-entete&#8221;][vc_single_image image=&#8221;1699&#8243; img_size=&#8221;full&#8221; alignment=&#8221;center&#8221;][\/vc_column][\/vc_row][vc_row][vc_column width=&#8221;1\/2&#8243;][vc_row_inner el_class=&#8221;row-quick-links&#8221;][vc_column_inner el_class=&#8221;home-quick-link-box&#8221;][vc_column_text]<\/p>\n<h2 style=\"text-align: center;\">A history of market beating returns<\/h2>\n<p style=\"text-align: center;\"><a class=\"btn btn-link\" href=\"https:\/\/gpsmedici.ca\/en\/2017\/01\/21\/rendements-quand-la-verite-se-cache-dans-les-details\/rendements-2\/\">Learn more about our performance<\/a><\/p>\n<p>[\/vc_column_text][\/vc_column_inner][\/vc_row_inner][\/vc_column][vc_column width=&#8221;1\/2&#8243;][vc_row_inner el_class=&#8221;row-quick-links&#8221;][vc_column_inner el_class=&#8221;home-quick-link-box&#8221;][vc_column_text]<\/p>\n<h2 style=\"text-align: center;\">Is your portfolio well managed?<\/h2>\n<p style=\"text-align: center;\"><a class=\"btn btn-link\" href=\"https:\/\/gpsmedici.ca\/en\/contact\/\">Contact us<\/a><\/p>\n<p>[\/vc_column_text][\/vc_column_inner][\/vc_row_inner][\/vc_column][\/vc_row][\/vc_section][vc_section][vc_row disable_element=&#8221;yes&#8221; el_class=&#8221;row-normal-pad&#8221;][vc_column][vc_column_text]<\/p>\n<h2 style=\"text-align: center;\">What they say about us<\/h2>\n<p style=\"text-align: center;\">An expertise recognized by trusted media<\/p>\n<p>[\/vc_column_text]<div class=\"row justify-content-center\">\n    <div class=\"col-xl-8\">\n        <div class=\"owl-carousel owl-theme owl-theme-logos\" >\n                    <\/div>\n    <\/div>\n<\/div>[\/vc_column][\/vc_row][\/vc_section][vc_section][vc_row full_width=&#8221;stretch_row&#8221; disable_element=&#8221;yes&#8221; css=&#8221;.vc_custom_1523900026181{background-color: #112b37 !important;}&#8221; el_class=&#8221;bg-gradient&#8221; el_id=&#8221;home-news&#8221;][vc_column][vc_column_text]<\/p>\n<h2 style=\"text-align: center;\">Actualit\u00e9 financi\u00e8re<\/h2>\n<p style=\"text-align: center;\">Chaque mois, Medici d\u00e9crypte l\u2019actualit\u00e9 financi\u00e8re en r\u00e9pondant \u00e0 vos questions.<\/p>\n<p>[\/vc_column_text][vc_row_inner][vc_column_inner]<div class=\"row row-news-home\">\n    <div class=\"owl-carousel owl-theme owl-theme-news\" >\n        <div class=\"matchHeight item\" data-mh=\"news\">\n        <div class=\"news-box\">\n    <a href=\"https:\/\/gpsmedici.ca\/en\/2025\/07\/31\/dollarama-has-transformed-its-growth-potential-heres-how-it-did-it\/\" class=\"news-link\"><\/a>\n    <div class=\"graphics-box\">\n        <div class=\"image-box\">\n                            <div class=\"video-icon\"><\/div>\n                                        <img decoding=\"async\" src=\"https:\/\/gpsmedici.ca\/wp-content\/uploads\/2025\/08\/medici-vignette-dollarama-en-600x340.jpg\" border=\"0\" alt=\"\" class=\"img-fluid\">\n                    <\/div>\n    <\/div>\n    <div class=\"content-box\">\n        <span class=\"tag\">Videos<\/span>\n        <span class=\"meta-txt\">July 31, 2025<\/span>\n        <h3 >Dollarama has transformed its growth potential. Here's how it did it.<\/h3>\n    <\/div>\n    <div class=\"footer-box\">\n                            <div class=\"pills-txt\">Bourse<\/div>\n                    <div class=\"pills-txt\">Dollarama<\/div>\n                    <div class=\"pills-txt\">Investing<\/div>\n            <\/div>\n<\/div>    <\/div>\n        <div class=\"matchHeight item\" data-mh=\"news\">\n        <div class=\"news-box\">\n    <a href=\"https:\/\/gpsmedici.ca\/en\/2024\/10\/09\/vous-revez-dune-retraite-hative-voici-ce-que-vous-devez-savoir\/\" class=\"news-link\"><\/a>\n    <div class=\"graphics-box\">\n        <div class=\"image-box\">\n                            <div class=\"video-icon\"><\/div>\n                                        <img decoding=\"async\" src=\"https:\/\/gpsmedici.ca\/wp-content\/uploads\/2024\/10\/retraite-hative-vignette-medici-en-600x340.jpg\" border=\"0\" alt=\"\" class=\"img-fluid\">\n                    <\/div>\n    <\/div>\n    <div class=\"content-box\">\n        <span class=\"tag\">Videos<\/span>\n        <span class=\"meta-txt\">October 9, 2024<\/span>\n        <h3 >Do you dream of early retirement? Here\u2019s what you need to know<\/h3>\n    <\/div>\n    <div class=\"footer-box\">\n                            <div class=\"pills-txt\">Financial Planning<\/div>\n                    <div class=\"pills-txt\">Planification financi\u00e8re<\/div>\n                    <div class=\"pills-txt\">Retirement<\/div>\n            <\/div>\n<\/div>    <\/div>\n        <div class=\"matchHeight item\" data-mh=\"news\">\n        <div class=\"news-box\">\n    <a href=\"https:\/\/gpsmedici.ca\/en\/2024\/08\/28\/revenue-quality-or-how-apple-has-transformed-over-15-years\/\" class=\"news-link\"><\/a>\n    <div class=\"graphics-box\">\n        <div class=\"image-box\">\n                            <div class=\"video-icon\"><\/div>\n                                        <img decoding=\"async\" src=\"https:\/\/gpsmedici.ca\/wp-content\/uploads\/2024\/08\/medici-qualite-des-revenus-titre-600x340.jpg\" border=\"0\" alt=\"\" class=\"img-fluid\">\n                    <\/div>\n    <\/div>\n    <div class=\"content-box\">\n        <span class=\"tag\">Videos<\/span>\n        <span class=\"meta-txt\">August 28, 2024<\/span>\n        <h3 >Revenue Quality or How Apple Has Transformed Over 15 Years<\/h3>\n    <\/div>\n    <div class=\"footer-box\">\n                            <div class=\"pills-txt\">Apple<\/div>\n                    <div class=\"pills-txt\">Investing<\/div>\n                    <div class=\"pills-txt\">Investir<\/div>\n            <\/div>\n<\/div>    <\/div>\n        <div class=\"matchHeight item\" data-mh=\"news\">\n        <div class=\"news-box\">\n    <a href=\"https:\/\/gpsmedici.ca\/en\/2024\/08\/07\/one-of-the-worlds-most-prominent-financial-podcasts-shines-a-spotlight-on-medicis-success\/\" class=\"news-link\"><\/a>\n    <div class=\"graphics-box\">\n        <div class=\"image-box\">\n                                        <img decoding=\"async\" src=\"https:\/\/gpsmedici.ca\/wp-content\/uploads\/2024\/08\/po-langevin-a-we-study-billionaires-600x340.jpg\" border=\"0\" alt=\"\" class=\"img-fluid\">\n                    <\/div>\n    <\/div>\n    <div class=\"content-box\">\n        <span class=\"tag\">Medici in the Media<\/span>\n        <span class=\"meta-txt\">August 7, 2024<\/span>\n        <h3 >One of the world\u2019s most prominent financial podcasts\u00a0shines a spotlight on Medici\u2019s success<\/h3>\n    <\/div>\n    <div class=\"footer-box\">\n                            <div class=\"pills-txt\">Balado<\/div>\n                    <div class=\"pills-txt\">Investir<\/div>\n            <\/div>\n<\/div>    <\/div>\n        <\/div>\n<\/div>[\/vc_column_inner][\/vc_row_inner][vc_row_inner][vc_column_inner][vc_column_text]<\/p>\n<p style=\"text-align: center;\"><a class=\"btn btn-light\" href=\"#\">Voir toutes les actualit\u00e9s<\/a><\/p>\n<p>[\/vc_column_text][\/vc_column_inner][\/vc_row_inner][\/vc_column][\/vc_row][\/vc_section][vc_section][vc_row el_class=&#8221;row-normal-pad&#8221;][vc_column]<div class=\"row justify-content-center\">\n    <div class=\"col-xl-10\">\n        <div id=\"carousel-testimonials\" class=\"carousel slide\" data-bs-ride=\"carousel\">\n            <ol class=\"carousel-indicators\">\n                                        <li data-bs-target=\"#carousel-testimonials\" data-bs-slide-to=\"0\" class=\"active\"><\/li>\n                                            <li data-bs-target=\"#carousel-testimonials\" data-bs-slide-to=\"1\" class=\"\"><\/li>\n                                <\/ol>\n            <div class=\"carousel-inner\">\n                                    <div class=\"carousel-item active \"  >\n                        <div class=\"row\">\n                            <div class=\"col-xl-3 offset-xl-1\">\n                                <span class=\"tagPlusTrait\"> Alain<\/span>\n                                <span class=\"meta-txt\">IT Professionnal<\/span>\n                            <\/div>\n                            <div class=\"col-xl-6\">\n                                <blockquote>I am verry happy to be a client of Medici. Transparency, outstanding service and above all, excellent returns!                                <\/blockquote>\n                            <\/div>\n                        <\/div>\n                    <\/div>\n                                    <div class=\"carousel-item  \"  >\n                        <div class=\"row\">\n                            <div class=\"col-xl-3 offset-xl-1\">\n                                <span class=\"tagPlusTrait\"> Joanne<\/span>\n                                <span class=\"meta-txt\">Annuitant, 59 <\/span>\n                            <\/div>\n                            <div class=\"col-xl-6\">\n                                <blockquote>The Medici team has earned my trust. They\u2019ve been managing my portfolio with care and attention for 10 years. As a result I enjoy an excellent monthly income without drawing from my initial capital.                                <\/blockquote>\n                            <\/div>\n                        <\/div>\n                    <\/div>\n                            <\/div>\n        <\/div>\n    <\/div>\n<\/div>[\/vc_column][\/vc_row][\/vc_section][vc_section disable_element=&#8221;yes&#8221;][vc_row css=&#8221;.vc_custom_1521565981727{background-color: #f9faf2 !important;}&#8221; el_class=&#8221;row-home-guide&#8221;][vc_column][vc_column_text]<\/p>\n<h2 style=\"text-align: center;\">Bien d\u00e9marrer dans la gestion de votre portefeuille<\/h2>\n<p style=\"text-align: center;\">Nos guides pour comprendre les meilleures pratiques en gestion priv\u00e9e<\/p>\n<p>[\/vc_column_text][vc_row_inner el_class=&#8221;row-box-bts&#8221;][vc_column_inner width=&#8221;1\/3&#8243;]<div class=\"box-bt-with-fleche\">\n    <a href=\"http:\/\/gpsmedici.ca\/guides-pratiques\/\" target=\"\">\n        <h4>\u00cates-vous vraiment en gestion priv\u00e9e?<\/h4>\n        <span class=\"btn btn-primary btn-fleche\"><span class=\"icon-box icon-fleche-d\"><\/span><\/span>\n    <\/a>\n<\/div>[\/vc_column_inner][vc_column_inner width=&#8221;1\/3&#8243;][vc_raw_html]JTNDZGl2JTIwY2xhc3MlM0QlMjJib3gtYnQtd2l0aC1mbGVjaGUlMjIlM0UlMEElM0NhJTIwaHJlZiUzRCUyMiUyMyUyMiUzRSUwQSUzQ2g0JTNFRCVDMyVBOWNlbGVyJTIwZGVzJTIwbGFjdW5lcyUyMGltcG9ydGFudGVzJTIwZGFucyUyMGxhJTIwZ2VzdGlvbiUyMGQlMjd1biUyMHBvcnRlZmV1aWxsZSUzQyUyRmg0JTNFJTBBJTNDc3BhbiUyMGNsYXNzJTNEJTIyYnRuJTIwYnRuLXByaW1hcnklMjBidG4tZmxlY2hlJTIyJTNFJTNDc3BhbiUyMGNsYXNzJTNEJTIyaWNvbi1ib3glMjBpY29uLWZsZWNoZS1kJTIyJTNFJTNDJTJGc3BhbiUzRSUzQyUyRnNwYW4lM0UlM0MlMkZhJTNFJTBBJTNDJTJGZGl2JTNF[\/vc_raw_html][\/vc_column_inner][vc_column_inner width=&#8221;1\/3&#8243;][vc_raw_html]JTNDZGl2JTIwY2xhc3MlM0QlMjJib3gtYnQtd2l0aC1mbGVjaGUlMjIlM0UlMEElM0NhJTIwaHJlZiUzRCUyMiUyMyUyMiUzRSUwQSUzQ2g0JTNFQ29tbWVudCUyMHRyb3V2ZXIlMjB1biUyMGdlc3Rpb25uYWlyZSUyMGRpZ25lJTIwZGUlMjBjb25maWFuY2UlM0MlMkZoNCUzRSUwQSUzQ3NwYW4lMjBjbGFzcyUzRCUyMmJ0biUyMGJ0bi1wcmltYXJ5JTIwYnRuLWZsZWNoZSUyMiUzRSUzQ3NwYW4lMjBjbGFzcyUzRCUyMmljb24tYm94JTIwaWNvbi1mbGVjaGUtZCUyMiUzRSUzQyUyRnNwYW4lM0UlM0MlMkZzcGFuJTNFJTNDJTJGYSUzRSUwQSUzQyUyRmRpdiUzRQ==[\/vc_raw_html][\/vc_column_inner][\/vc_row_inner][vc_column_text]<\/p>\n<p style=\"text-align: center;\"><a class=\"btn btn-secondary\" href=\"https:\/\/gpsmedici.ca\/guides-pratiques\/\">Voir tous nos guides pratiques<\/a><\/p>\n<p>[\/vc_column_text][\/vc_column][\/vc_row][\/vc_section][vc_section][vc_row el_class=&#8221;pict-full&#8221;][vc_column][vc_row_inner][vc_column_inner width=&#8221;1\/2&#8243;][vc_single_image image=&#8221;746&#8243; img_size=&#8221;full&#8221;][\/vc_column_inner][vc_column_inner width=&#8221;1\/2&#8243;][vc_single_image image=&#8221;754&#8243; img_size=&#8221;full&#8221;][\/vc_column_inner][\/vc_row_inner][\/vc_column][\/vc_row][\/vc_section][vc_section el_id=&#8221;home-qa&#8221;][vc_row][vc_column][vc_column_text]<\/p>\n<h2 style=\"text-align: center;\">Frequent questions<\/h2>\n<p>[\/vc_column_text][\/vc_column][\/vc_row][vc_row][vc_column offset=&#8221;vc_col-lg-offset-2 vc_col-lg-8&#8243;][vc_tta_accordion style=&#8221;modern&#8221; shape=&#8221;square&#8221; color=&#8221;white&#8221; c_icon=&#8221;chevron&#8221; c_position=&#8221;right&#8221; active_section=&#8221;22&#8243; collapsible_all=&#8221;true&#8221; el_id=&#8221;accordion-qa&#8221;][vc_tta_section title=&#8221;Are you registered with Quebec\u2019s financial regulation organisation, the Autorit\u00e9 des march\u00e9s financiers (AMF)?&#8221; tab_id=&#8221;1521151178415-11339db3-4c30&#8243;][vc_column_text]Gestion de Portefeuille Strat\u00e9gique Medici is registered with the AMF as a portfolio manager and investment fund manager. Our main responsibility is to develop quality portfolios tailored to both the financial goals of our clients and to the level of risk each client is comfortable with.<\/p>\n<p>Medici also follows the Code of Ethics and Standards of Professional Conduct from the CFA Institute, which is the ethical benchmark for investment professionals, and which stipulates that we must place the integrity of the profession and the interests of our clients before those of Medici, its portfolio managers, or its employees.[\/vc_column_text][\/vc_tta_section][vc_tta_section title=&#8221;How does Medici ensure that my money is secure?&#8221; tab_id=&#8221;1521151178433-7a7a4f2a-2697&#8243;][vc_column_text]Medici has partnered with the National Bank Independent Network (NBIN inc.), a wholly-owned subsidiary of National Bank of Canada, which acts as Medici\u2019s trustee and portfolio administrator. As a result, client accounts are opened with NBIN inc. and clients are the only ones who can withdraw money from their own account. Medici\u2019s portfolio managers are only authorized to purchase and sell securities for you, according to the agreed mandate; they do not have control over amounts withdrawn or deposited in your accounts.<\/p>\n<p>NBIN inc. has operated within the financial services sector for over 25 years and is now Canada&#8217;s leading provider of custody, trade execution, and brokerage solutions to independent wealth management firms, services for brokers, and independently registered portfolio managers. NBIN serves over 400 firms from coast to coast, all of which benefit from the financial security of the National Bank of Canada (NBC). NBIN is a division of National Bank Financial Inc. (NBF Inc.), a wholly-owned subsidiary of the National Bank of Canada (NBC), which is a publically traded company on the Toronto Stock Exchange (NA: TSX). The National Bank Independent Network trademark is owned by NBC and used under license by NBF Inc., which is a member of the Canadian Investor Protection Fund (CIPF), and is also a member of and subjected to the Investment Industry Regulatory Organization of Canada (IIROC), a national self-regulatory surveillance organization for all dealer firms and any trading activity on Canadian equity marketplaces.[\/vc_column_text][\/vc_tta_section][vc_tta_section title=&#8221;What is discretionary investment management?&#8221; tab_id=&#8221;1521213937927-a41b0d6a-874b&#8221;][vc_column_text]MEDICI manages the portfolios of its clients in a discretionary way. This means that during our first meeting together, we will work with you on defining an Investment Policy Statement that our team will agree to follow during our entire business relationship. Our investment decisions will then be made according to this Investment Policy Statement.<\/p>\n<p>We are never under the obligation to contact our clients or receive their authorization before completing a transaction. In this way, we are fully accountable for the management of client portfolios. For the same reason that an engineer wouldn\u2019t ask a client if the pillar he plans on using is strong enough to support a building, we believe that we are the best people to make the necessary decisions to manage your portfolio.<\/p>\n<p>This management style means that it is our responsibility to act transparently and honestly with all our clients. As a result, our portfolio managers frequently communicate our strategy and our decisions during in-person meetings, in our quarterly letters, in video presentations, and in our frequent media appearances. Although our clients do not choose the content of their portfolios, we provide them with all the tools they need to evaluate the quality of our work.[\/vc_column_text][\/vc_tta_section][vc_tta_section title=&#8221;What are your fees?&#8221; tab_id=&#8221;1522092044206-2a9f385a-ea44&#8243;][vc_column_text]Our fees are based on a percentage of assets under management. Our rate varies depending on the size of your portfolio. Please contact us for more information.<\/p>\n<p>Since our role is both that of financial advisor and portfolio manager, and since we offer a true private management service, our fees are much lower than those charged by advisors who sell mutual funds.<\/p>\n<p>We do not charge any trailer fees or commission per transaction, nor does Medici bill any front loaded or back ended fees. There are no hidden fees. The only fees we charge are paid monthly, and these fees are totally transparent since they can be found on your investment statement. Each year, we provide you with an annual report outlining your fees and your returns, which allows you to compare the fees you paid with the added value that we provided through our work.[\/vc_column_text][\/vc_tta_section][vc_tta_section title=&#8221;What is the minimum amount required to become a client?&#8221; tab_id=&#8221;1522092073262-0ebadda6-fa92&#8243;][vc_column_text]On average, our clients invest more than $1 million with us. We accept investors who have a minimum of $750,000 to invest, or who are in an asset accumulation phase. We invite you to contact us to know if you are eligible. We will evaluate your financial situation, explain our selection criterias, and make you an offer if you are eligible.[\/vc_column_text][\/vc_tta_section][\/vc_tta_accordion][\/vc_column][\/vc_row][vc_row][vc_column][vc_column_text]<\/p>\n<p style=\"text-align: center;\"><a class=\"btn btn-primary\" href=\"https:\/\/gpsmedici.ca\/en\/faq\/\">See all frequently asked questions\u00a0<\/a><\/p>\n<p>[\/vc_column_text][\/vc_column][\/vc_row][\/vc_section]<\/p>\n<\/div>","protected":false},"excerpt":{"rendered":"<p>[vc_section el_id=&#8221;accueil-entete&#8221;][vc_row full_width=&#8221;stretch_row&#8221; css=&#8221;.vc_custom_1521470654131{background-color: #112b37 !important;}&#8221; el_class=&#8221;bg-gradient-custom accueilType&#8221;][vc_column offset=&#8221;vc_col-lg-6&#8243;][vc_column_text] Transparency. Accountability. Personalized approach. Your private manager. [\/vc_column_text][\/vc_column][vc_column offset=&#8221;vc_col-lg-6&#8243;][vc_column_text css=&#8221;&#8221;] $1M invested with Medici in 2009 is now worth $11.5M. We\u2019ve earned the trust of over 1000 families and organizations. No hidden fees. No expensive middlemen. [\/vc_column_text][\/vc_column][\/vc_row][vc_row full_width=&#8221;stretch_row_content_no_spaces&#8221; el_class=&#8221;row-img-mobile&#8221;][vc_column offset=&#8221;vc_hidden-lg&#8221;][vc_single_image image=&#8221;908&#8243; img_size=&#8221;full&#8221; alignment=&#8221;center&#8221; el_class=&#8221;big-img-entete-mobile&#8221;][\/vc_column][\/vc_row][vc_row][vc_column offset=&#8221;vc_col-lg-6&#8243;][vc_column_text el_class=&#8221;entete-p&#8221;]Medici [&hellip;]<\/p>\n","protected":false},"author":11,"featured_media":0,"parent":0,"menu_order":0,"comment_status":"closed","ping_status":"closed","template":"page-templates\/template-accueil.php","meta":{"_acf_changed":false,"footnotes":""},"class_list":["post-476","page","type-page","status-publish","hentry"],"acf":[],"yoast_head":"<!-- This site is optimized with the Yoast SEO plugin v26.5 - https:\/\/yoast.com\/wordpress\/plugins\/seo\/ -->\n<title>Medici Private Wealth Management<\/title>\n<meta name=\"description\" content=\"Private wealth manager based in Quebec \u2013 Transparent, accountable, and individualized\" \/>\n<meta name=\"robots\" content=\"index, follow, max-snippet:-1, max-image-preview:large, max-video-preview:-1\" \/>\n<link rel=\"canonical\" href=\"https:\/\/gpsmedici.ca\/en\/\" \/>\n<meta property=\"og:locale\" content=\"en_US\" \/>\n<meta property=\"og:type\" content=\"article\" \/>\n<meta property=\"og:title\" content=\"Medici Private Wealth Management\" \/>\n<meta property=\"og:description\" content=\"Private wealth manager based in Quebec \u2013 Transparent, accountable, and individualized\" \/>\n<meta property=\"og:url\" content=\"https:\/\/gpsmedici.ca\/en\/\" \/>\n<meta property=\"og:site_name\" content=\"Medici\" \/>\n<meta property=\"article:modified_time\" content=\"2025-02-07T14:56:03+00:00\" \/>\n<meta name=\"twitter:card\" content=\"summary_large_image\" \/>\n<meta name=\"twitter:label1\" content=\"Est. reading time\" \/>\n\t<meta name=\"twitter:data1\" content=\"7 minutes\" \/>\n<script type=\"application\/ld+json\" class=\"yoast-schema-graph\">{\"@context\":\"https:\/\/schema.org\",\"@graph\":[{\"@type\":\"WebPage\",\"@id\":\"https:\/\/gpsmedici.ca\/en\/\",\"url\":\"https:\/\/gpsmedici.ca\/en\/\",\"name\":\"Medici Private Wealth Management\",\"isPartOf\":{\"@id\":\"https:\/\/gpsmedici.ca\/en\/#website\"},\"datePublished\":\"2018-03-05T22:45:35+00:00\",\"dateModified\":\"2025-02-07T14:56:03+00:00\",\"description\":\"Private wealth manager based in Quebec \u2013 Transparent, accountable, and individualized\",\"breadcrumb\":{\"@id\":\"https:\/\/gpsmedici.ca\/en\/#breadcrumb\"},\"inLanguage\":\"en-US\",\"potentialAction\":[{\"@type\":\"ReadAction\",\"target\":[\"https:\/\/gpsmedici.ca\/en\/\"]}]},{\"@type\":\"BreadcrumbList\",\"@id\":\"https:\/\/gpsmedici.ca\/en\/#breadcrumb\",\"itemListElement\":[{\"@type\":\"ListItem\",\"position\":1,\"name\":\"Home\",\"item\":\"https:\/\/gpsmedici.ca\/en\/\"},{\"@type\":\"ListItem\",\"position\":2,\"name\":\"Home\"}]},{\"@type\":\"WebSite\",\"@id\":\"https:\/\/gpsmedici.ca\/en\/#website\",\"url\":\"https:\/\/gpsmedici.ca\/en\/\",\"name\":\"Medici\",\"description\":\"L&#039;art d&#039;investir\",\"potentialAction\":[{\"@type\":\"SearchAction\",\"target\":{\"@type\":\"EntryPoint\",\"urlTemplate\":\"https:\/\/gpsmedici.ca\/en\/?s={search_term_string}\"},\"query-input\":{\"@type\":\"PropertyValueSpecification\",\"valueRequired\":true,\"valueName\":\"search_term_string\"}}],\"inLanguage\":\"en-US\"}]}<\/script>\n<!-- \/ Yoast SEO plugin. -->","yoast_head_json":{"title":"Medici Private Wealth Management","description":"Private wealth manager based in Quebec \u2013 Transparent, accountable, and individualized","robots":{"index":"index","follow":"follow","max-snippet":"max-snippet:-1","max-image-preview":"max-image-preview:large","max-video-preview":"max-video-preview:-1"},"canonical":"https:\/\/gpsmedici.ca\/en\/","og_locale":"en_US","og_type":"article","og_title":"Medici Private Wealth Management","og_description":"Private wealth manager based in Quebec \u2013 Transparent, accountable, and individualized","og_url":"https:\/\/gpsmedici.ca\/en\/","og_site_name":"Medici","article_modified_time":"2025-02-07T14:56:03+00:00","twitter_card":"summary_large_image","twitter_misc":{"Est. reading time":"7 minutes"},"schema":{"@context":"https:\/\/schema.org","@graph":[{"@type":"WebPage","@id":"https:\/\/gpsmedici.ca\/en\/","url":"https:\/\/gpsmedici.ca\/en\/","name":"Medici Private Wealth Management","isPartOf":{"@id":"https:\/\/gpsmedici.ca\/en\/#website"},"datePublished":"2018-03-05T22:45:35+00:00","dateModified":"2025-02-07T14:56:03+00:00","description":"Private wealth manager based in Quebec \u2013 Transparent, accountable, and individualized","breadcrumb":{"@id":"https:\/\/gpsmedici.ca\/en\/#breadcrumb"},"inLanguage":"en-US","potentialAction":[{"@type":"ReadAction","target":["https:\/\/gpsmedici.ca\/en\/"]}]},{"@type":"BreadcrumbList","@id":"https:\/\/gpsmedici.ca\/en\/#breadcrumb","itemListElement":[{"@type":"ListItem","position":1,"name":"Home","item":"https:\/\/gpsmedici.ca\/en\/"},{"@type":"ListItem","position":2,"name":"Home"}]},{"@type":"WebSite","@id":"https:\/\/gpsmedici.ca\/en\/#website","url":"https:\/\/gpsmedici.ca\/en\/","name":"Medici","description":"L&#039;art d&#039;investir","potentialAction":[{"@type":"SearchAction","target":{"@type":"EntryPoint","urlTemplate":"https:\/\/gpsmedici.ca\/en\/?s={search_term_string}"},"query-input":{"@type":"PropertyValueSpecification","valueRequired":true,"valueName":"search_term_string"}}],"inLanguage":"en-US"}]}},"_links":{"self":[{"href":"https:\/\/gpsmedici.ca\/en\/wp-json\/wp\/v2\/pages\/476","targetHints":{"allow":["GET"]}}],"collection":[{"href":"https:\/\/gpsmedici.ca\/en\/wp-json\/wp\/v2\/pages"}],"about":[{"href":"https:\/\/gpsmedici.ca\/en\/wp-json\/wp\/v2\/types\/page"}],"author":[{"embeddable":true,"href":"https:\/\/gpsmedici.ca\/en\/wp-json\/wp\/v2\/users\/11"}],"replies":[{"embeddable":true,"href":"https:\/\/gpsmedici.ca\/en\/wp-json\/wp\/v2\/comments?post=476"}],"version-history":[{"count":67,"href":"https:\/\/gpsmedici.ca\/en\/wp-json\/wp\/v2\/pages\/476\/revisions"}],"predecessor-version":[{"id":8146,"href":"https:\/\/gpsmedici.ca\/en\/wp-json\/wp\/v2\/pages\/476\/revisions\/8146"}],"wp:attachment":[{"href":"https:\/\/gpsmedici.ca\/en\/wp-json\/wp\/v2\/media?parent=476"}],"curies":[{"name":"wp","href":"https:\/\/api.w.org\/{rel}","templated":true}]}}